{"id":141,"date":"2025-03-23T09:46:37","date_gmt":"2025-03-23T08:46:37","guid":{"rendered":"https:\/\/gesangverein-ohmenhausen.de\/?page_id=141"},"modified":"2025-03-30T20:27:16","modified_gmt":"2025-03-30T18:27:16","slug":"frauenchor","status":"publish","type":"page","link":"https:\/\/gesangverein-ohmenhausen.de\/index.php\/frauenchor\/","title":{"rendered":"Frauenchor"},"content":{"rendered":"\n<figure class=\"wp-block-image size-large\"><img loading=\"lazy\" decoding=\"async\" width=\"1024\" height=\"768\" src=\"https:\/\/gesangverein-ohmenhausen.de\/wp-content\/uploads\/2025\/03\/Frauenchor2-Gross-1024x768.jpg\" alt=\"\" class=\"wp-image-133\" srcset=\"https:\/\/gesangverein-ohmenhausen.de\/wp-content\/uploads\/2025\/03\/Frauenchor2-Gross-1024x768.jpg 1024w, https:\/\/gesangverein-ohmenhausen.de\/wp-content\/uploads\/2025\/03\/Frauenchor2-Gross-300x225.jpg 300w, https:\/\/gesangverein-ohmenhausen.de\/wp-content\/uploads\/2025\/03\/Frauenchor2-Gross-768x576.jpg 768w, https:\/\/gesangverein-ohmenhausen.de\/wp-content\/uploads\/2025\/03\/Frauenchor2-Gross.jpg 1440w\" sizes=\"auto, (max-width: 1024px) 100vw, 1024px\" \/><\/figure>\n\n\n\n<p>Am 09. September 1976 fand die erste Singstunde des Frauenchors im Gesangverein 1874 Ohmenhausen e.V. statt.<\/p>\n\n\n\n<p>Nach dem Motto <em>&#8218;Wir bleiben beweglich.&#8216;<\/em> spiegelt unser Repertoire unsere pers\u00f6nlichen Interessen wieder. Pers\u00f6nliche Lieblingslieder, traditionelles Liedgut, moderne Klassiker und vieles mehr l\u00e4sst unsere Herzen h\u00f6her schlagen.<\/p>\n\n\n\n<p>Neue Stimmen sind immer willkommen.<\/p>\n\n\n\n<p>Wir treffen uns immer montags um <strong>17:00 Uhr<\/strong> im <a href=\"https:\/\/maps.app.goo.gl\/LarFHA6oxMYUtVBH6\"><strong>Probenraum der Sport- und Mehrzweckhalle<\/strong>.<\/a><br>Hornstra\u00dfe 40<br>72770 Reutlingen<\/p>\n","protected":false},"excerpt":{"rendered":"<p>Am 09. September 1976 fand die erste Singstunde des Frauenchors im Gesangverein 1874 Ohmenhausen e.V. statt. Nach dem Motto &#8218;Wir bleiben beweglich.&#8216; spiegelt unser Repertoire unsere pers\u00f6nlichen Interessen wieder. Pers\u00f6nliche Lieblingslieder, traditionelles Liedgut, moderne Klassiker und vieles mehr l\u00e4sst unsere Herzen h\u00f6her schlagen. Neue Stimmen sind immer willkommen. Wir treffen uns immer montags um 17:00&hellip; <a class=\"more-link\" href=\"https:\/\/gesangverein-ohmenhausen.de\/index.php\/frauenchor\/\"><span class=\"screen-reader-text\">Frauenchor<\/span> weiterlesen<\/a><\/p>\n","protected":false},"author":1,"featured_media":0,"parent":0,"menu_order":0,"comment_status":"closed","ping_status":"closed","template":"","meta":{"footnotes":""},"class_list":["post-141","page","type-page","status-publish","hentry","entry"],"yoast_head":"<!-- This site is optimized with the Yoast SEO plugin v27.3 - https:\/\/yoast.com\/product\/yoast-seo-wordpress\/ -->\n<title>Frauenchor - Gesangverein 1874 Ohmenhausen e.V.<\/title>\n<meta name=\"robots\" content=\"index, follow, max-snippet:-1, max-image-preview:large, max-video-preview:-1\" \/>\n<link rel=\"canonical\" href=\"https:\/\/gesangverein-ohmenhausen.de\/index.php\/frauenchor\/\" \/>\n<meta property=\"og:locale\" content=\"de_DE\" \/>\n<meta property=\"og:type\" content=\"article\" \/>\n<meta property=\"og:title\" content=\"Frauenchor - Gesangverein 1874 Ohmenhausen e.V.\" \/>\n<meta property=\"og:description\" content=\"Am 09. September 1976 fand die erste Singstunde des Frauenchors im Gesangverein 1874 Ohmenhausen e.V. statt. Nach dem Motto &#8218;Wir bleiben beweglich.&#8216; spiegelt unser Repertoire unsere pers\u00f6nlichen Interessen wieder. Pers\u00f6nliche Lieblingslieder, traditionelles Liedgut, moderne Klassiker und vieles mehr l\u00e4sst unsere Herzen h\u00f6her schlagen. Neue Stimmen sind immer willkommen. Wir treffen uns immer montags um 17:00&hellip; Frauenchor weiterlesen\" \/>\n<meta property=\"og:url\" content=\"https:\/\/gesangverein-ohmenhausen.de\/index.php\/frauenchor\/\" \/>\n<meta property=\"og:site_name\" content=\"Gesangverein 1874 Ohmenhausen e.V.\" \/>\n<meta property=\"article:modified_time\" content=\"2025-03-30T18:27:16+00:00\" \/>\n<meta property=\"og:image\" content=\"https:\/\/gesangverein-ohmenhausen.de\/wp-content\/uploads\/2025\/03\/Frauenchor2-Gross.jpg\" \/>\n\t<meta property=\"og:image:width\" content=\"1440\" \/>\n\t<meta property=\"og:image:height\" content=\"1080\" \/>\n\t<meta property=\"og:image:type\" content=\"image\/jpeg\" \/>\n<meta name=\"twitter:card\" content=\"summary_large_image\" \/>\n<meta name=\"twitter:label1\" content=\"Gesch\u00e4tzte Lesezeit\" \/>\n\t<meta name=\"twitter:data1\" content=\"1\u00a0Minute\" \/>\n<script type=\"application\/ld+json\" class=\"yoast-schema-graph\">{\"@context\":\"https:\\\/\\\/schema.org\",\"@graph\":[{\"@type\":\"WebPage\",\"@id\":\"https:\\\/\\\/gesangverein-ohmenhausen.de\\\/index.php\\\/frauenchor\\\/\",\"url\":\"https:\\\/\\\/gesangverein-ohmenhausen.de\\\/index.php\\\/frauenchor\\\/\",\"name\":\"Frauenchor - Gesangverein 1874 Ohmenhausen e.V.\",\"isPartOf\":{\"@id\":\"https:\\\/\\\/gesangverein-ohmenhausen.de\\\/#website\"},\"primaryImageOfPage\":{\"@id\":\"https:\\\/\\\/gesangverein-ohmenhausen.de\\\/index.php\\\/frauenchor\\\/#primaryimage\"},\"image\":{\"@id\":\"https:\\\/\\\/gesangverein-ohmenhausen.de\\\/index.php\\\/frauenchor\\\/#primaryimage\"},\"thumbnailUrl\":\"https:\\\/\\\/gesangverein-ohmenhausen.de\\\/wp-content\\\/uploads\\\/2025\\\/03\\\/Frauenchor2-Gross-1024x768.jpg\",\"datePublished\":\"2025-03-23T08:46:37+00:00\",\"dateModified\":\"2025-03-30T18:27:16+00:00\",\"breadcrumb\":{\"@id\":\"https:\\\/\\\/gesangverein-ohmenhausen.de\\\/index.php\\\/frauenchor\\\/#breadcrumb\"},\"inLanguage\":\"de\",\"potentialAction\":[{\"@type\":\"ReadAction\",\"target\":[\"https:\\\/\\\/gesangverein-ohmenhausen.de\\\/index.php\\\/frauenchor\\\/\"]}]},{\"@type\":\"ImageObject\",\"inLanguage\":\"de\",\"@id\":\"https:\\\/\\\/gesangverein-ohmenhausen.de\\\/index.php\\\/frauenchor\\\/#primaryimage\",\"url\":\"https:\\\/\\\/gesangverein-ohmenhausen.de\\\/wp-content\\\/uploads\\\/2025\\\/03\\\/Frauenchor2-Gross.jpg\",\"contentUrl\":\"https:\\\/\\\/gesangverein-ohmenhausen.de\\\/wp-content\\\/uploads\\\/2025\\\/03\\\/Frauenchor2-Gross.jpg\",\"width\":1440,\"height\":1080},{\"@type\":\"BreadcrumbList\",\"@id\":\"https:\\\/\\\/gesangverein-ohmenhausen.de\\\/index.php\\\/frauenchor\\\/#breadcrumb\",\"itemListElement\":[{\"@type\":\"ListItem\",\"position\":1,\"name\":\"Startseite\",\"item\":\"https:\\\/\\\/gesangverein-ohmenhausen.de\\\/\"},{\"@type\":\"ListItem\",\"position\":2,\"name\":\"Frauenchor\"}]},{\"@type\":\"WebSite\",\"@id\":\"https:\\\/\\\/gesangverein-ohmenhausen.de\\\/#website\",\"url\":\"https:\\\/\\\/gesangverein-ohmenhausen.de\\\/\",\"name\":\"Gesangverein 1874 Ohmenhausen e.V.\",\"description\":\"\",\"publisher\":{\"@id\":\"https:\\\/\\\/gesangverein-ohmenhausen.de\\\/#organization\"},\"potentialAction\":[{\"@type\":\"SearchAction\",\"target\":{\"@type\":\"EntryPoint\",\"urlTemplate\":\"https:\\\/\\\/gesangverein-ohmenhausen.de\\\/?s={search_term_string}\"},\"query-input\":{\"@type\":\"PropertyValueSpecification\",\"valueRequired\":true,\"valueName\":\"search_term_string\"}}],\"inLanguage\":\"de\"},{\"@type\":\"Organization\",\"@id\":\"https:\\\/\\\/gesangverein-ohmenhausen.de\\\/#organization\",\"name\":\"Gesangverein 1874 Ohmenhausen e.V.\",\"url\":\"https:\\\/\\\/gesangverein-ohmenhausen.de\\\/\",\"logo\":{\"@type\":\"ImageObject\",\"inLanguage\":\"de\",\"@id\":\"https:\\\/\\\/gesangverein-ohmenhausen.de\\\/#\\\/schema\\\/logo\\\/image\\\/\",\"url\":\"https:\\\/\\\/gesangverein-ohmenhausen.de\\\/wp-content\\\/uploads\\\/2025\\\/03\\\/logo_briefpapier.png\",\"contentUrl\":\"https:\\\/\\\/gesangverein-ohmenhausen.de\\\/wp-content\\\/uploads\\\/2025\\\/03\\\/logo_briefpapier.png\",\"width\":1294,\"height\":276,\"caption\":\"Gesangverein 1874 Ohmenhausen e.V.\"},\"image\":{\"@id\":\"https:\\\/\\\/gesangverein-ohmenhausen.de\\\/#\\\/schema\\\/logo\\\/image\\\/\"}}]}<\/script>\n<!-- \/ Yoast SEO plugin. -->","yoast_head_json":{"title":"Frauenchor - Gesangverein 1874 Ohmenhausen e.V.","robots":{"index":"index","follow":"follow","max-snippet":"max-snippet:-1","max-image-preview":"max-image-preview:large","max-video-preview":"max-video-preview:-1"},"canonical":"https:\/\/gesangverein-ohmenhausen.de\/index.php\/frauenchor\/","og_locale":"de_DE","og_type":"article","og_title":"Frauenchor - Gesangverein 1874 Ohmenhausen e.V.","og_description":"Am 09. September 1976 fand die erste Singstunde des Frauenchors im Gesangverein 1874 Ohmenhausen e.V. statt. Nach dem Motto &#8218;Wir bleiben beweglich.&#8216; spiegelt unser Repertoire unsere pers\u00f6nlichen Interessen wieder. Pers\u00f6nliche Lieblingslieder, traditionelles Liedgut, moderne Klassiker und vieles mehr l\u00e4sst unsere Herzen h\u00f6her schlagen. Neue Stimmen sind immer willkommen. Wir treffen uns immer montags um 17:00&hellip; Frauenchor weiterlesen","og_url":"https:\/\/gesangverein-ohmenhausen.de\/index.php\/frauenchor\/","og_site_name":"Gesangverein 1874 Ohmenhausen e.V.","article_modified_time":"2025-03-30T18:27:16+00:00","og_image":[{"width":1440,"height":1080,"url":"https:\/\/gesangverein-ohmenhausen.de\/wp-content\/uploads\/2025\/03\/Frauenchor2-Gross.jpg","type":"image\/jpeg"}],"twitter_card":"summary_large_image","twitter_misc":{"Gesch\u00e4tzte Lesezeit":"1\u00a0Minute"},"schema":{"@context":"https:\/\/schema.org","@graph":[{"@type":"WebPage","@id":"https:\/\/gesangverein-ohmenhausen.de\/index.php\/frauenchor\/","url":"https:\/\/gesangverein-ohmenhausen.de\/index.php\/frauenchor\/","name":"Frauenchor - Gesangverein 1874 Ohmenhausen e.V.","isPartOf":{"@id":"https:\/\/gesangverein-ohmenhausen.de\/#website"},"primaryImageOfPage":{"@id":"https:\/\/gesangverein-ohmenhausen.de\/index.php\/frauenchor\/#primaryimage"},"image":{"@id":"https:\/\/gesangverein-ohmenhausen.de\/index.php\/frauenchor\/#primaryimage"},"thumbnailUrl":"https:\/\/gesangverein-ohmenhausen.de\/wp-content\/uploads\/2025\/03\/Frauenchor2-Gross-1024x768.jpg","datePublished":"2025-03-23T08:46:37+00:00","dateModified":"2025-03-30T18:27:16+00:00","breadcrumb":{"@id":"https:\/\/gesangverein-ohmenhausen.de\/index.php\/frauenchor\/#breadcrumb"},"inLanguage":"de","potentialAction":[{"@type":"ReadAction","target":["https:\/\/gesangverein-ohmenhausen.de\/index.php\/frauenchor\/"]}]},{"@type":"ImageObject","inLanguage":"de","@id":"https:\/\/gesangverein-ohmenhausen.de\/index.php\/frauenchor\/#primaryimage","url":"https:\/\/gesangverein-ohmenhausen.de\/wp-content\/uploads\/2025\/03\/Frauenchor2-Gross.jpg","contentUrl":"https:\/\/gesangverein-ohmenhausen.de\/wp-content\/uploads\/2025\/03\/Frauenchor2-Gross.jpg","width":1440,"height":1080},{"@type":"BreadcrumbList","@id":"https:\/\/gesangverein-ohmenhausen.de\/index.php\/frauenchor\/#breadcrumb","itemListElement":[{"@type":"ListItem","position":1,"name":"Startseite","item":"https:\/\/gesangverein-ohmenhausen.de\/"},{"@type":"ListItem","position":2,"name":"Frauenchor"}]},{"@type":"WebSite","@id":"https:\/\/gesangverein-ohmenhausen.de\/#website","url":"https:\/\/gesangverein-ohmenhausen.de\/","name":"Gesangverein 1874 Ohmenhausen e.V.","description":"","publisher":{"@id":"https:\/\/gesangverein-ohmenhausen.de\/#organization"},"potentialAction":[{"@type":"SearchAction","target":{"@type":"EntryPoint","urlTemplate":"https:\/\/gesangverein-ohmenhausen.de\/?s={search_term_string}"},"query-input":{"@type":"PropertyValueSpecification","valueRequired":true,"valueName":"search_term_string"}}],"inLanguage":"de"},{"@type":"Organization","@id":"https:\/\/gesangverein-ohmenhausen.de\/#organization","name":"Gesangverein 1874 Ohmenhausen e.V.","url":"https:\/\/gesangverein-ohmenhausen.de\/","logo":{"@type":"ImageObject","inLanguage":"de","@id":"https:\/\/gesangverein-ohmenhausen.de\/#\/schema\/logo\/image\/","url":"https:\/\/gesangverein-ohmenhausen.de\/wp-content\/uploads\/2025\/03\/logo_briefpapier.png","contentUrl":"https:\/\/gesangverein-ohmenhausen.de\/wp-content\/uploads\/2025\/03\/logo_briefpapier.png","width":1294,"height":276,"caption":"Gesangverein 1874 Ohmenhausen e.V."},"image":{"@id":"https:\/\/gesangverein-ohmenhausen.de\/#\/schema\/logo\/image\/"}}]}},"_links":{"self":[{"href":"https:\/\/gesangverein-ohmenhausen.de\/index.php\/wp-json\/wp\/v2\/pages\/141","targetHints":{"allow":["GET"]}}],"collection":[{"href":"https:\/\/gesangverein-ohmenhausen.de\/index.php\/wp-json\/wp\/v2\/pages"}],"about":[{"href":"https:\/\/gesangverein-ohmenhausen.de\/index.php\/wp-json\/wp\/v2\/types\/page"}],"author":[{"embeddable":true,"href":"https:\/\/gesangverein-ohmenhausen.de\/index.php\/wp-json\/wp\/v2\/users\/1"}],"replies":[{"embeddable":true,"href":"https:\/\/gesangverein-ohmenhausen.de\/index.php\/wp-json\/wp\/v2\/comments?post=141"}],"version-history":[{"count":3,"href":"https:\/\/gesangverein-ohmenhausen.de\/index.php\/wp-json\/wp\/v2\/pages\/141\/revisions"}],"predecessor-version":[{"id":194,"href":"https:\/\/gesangverein-ohmenhausen.de\/index.php\/wp-json\/wp\/v2\/pages\/141\/revisions\/194"}],"wp:attachment":[{"href":"https:\/\/gesangverein-ohmenhausen.de\/index.php\/wp-json\/wp\/v2\/media?parent=141"}],"curies":[{"name":"wp","href":"https:\/\/api.w.org\/{rel}","templated":true}]}}